{"id":14,"date":"2019-08-27T20:16:50","date_gmt":"2019-08-27T20:16:50","guid":{"rendered":"http:\/\/blaskapelle-st-hubertus.de\/?page_id=14"},"modified":"2023-05-20T18:07:13","modified_gmt":"2023-05-20T17:07:13","slug":"willkommen","status":"publish","type":"page","link":"https:\/\/blaskapelle-st-hubertus.de\/","title":{"rendered":"Willkommen"},"content":{"rendered":"\n<p>Die Blaskapelle &#8222;St. Hubertus&#8220; gibt es seit 1961. Von der Jugend- bis zur Rentnerzeit sind bei uns Musiker in allen Altersstufen aktiv. Von der Querfl\u00f6te, Klarinette, Saxophone \u00fcber Trompete, Horn, Posaune bis hin zur Tuba sind bei uns die meisten Blasinstrumente vertreten. Unser Repertoire reicht von Kirchenchor\u00e4len \u00fcber konzertante Musik bis zur Unterhaltungsmusik. Trotz oder gerade aufgrund dieser Vielfalt eint uns die Freude am gemeinsamen Musizieren.<\/p>\n\n\n\n<p>Sie spielen ein Blasinstrument und suchen ein Orchester? Dann z\u00f6gern Sie nicht uns zu kontaktieren! Wir freuen uns \u00fcber jeden neuen Weggef\u00e4hrten.<\/p>\n","protected":false},"excerpt":{"rendered":"<p>Die Blaskapelle &#8222;St. Hubertus&#8220; gibt es seit 1961. Von der Jugend- bis zur Rentnerzeit sind bei uns Musiker in allen Altersstufen aktiv. Von der Querfl\u00f6te, Klarinette, Saxophone \u00fcber Trompete, Horn,<a href=\"https:\/\/blaskapelle-st-hubertus.de\/\" class=\"more-link\"><span class=\"readmore\">Continue reading<span class=\"screen-reader-text\">Willkommen<\/span><\/span><\/a><\/p>\n","protected":false},"author":1,"featured_media":0,"parent":0,"menu_order":0,"comment_status":"closed","ping_status":"closed","template":"","meta":{"footnotes":""},"_links":{"self":[{"href":"https:\/\/blaskapelle-st-hubertus.de\/index.php?rest_route=\/wp\/v2\/pages\/14"}],"collection":[{"href":"https:\/\/blaskapelle-st-hubertus.de\/index.php?rest_route=\/wp\/v2\/pages"}],"about":[{"href":"https:\/\/blaskapelle-st-hubertus.de\/index.php?rest_route=\/wp\/v2\/types\/page"}],"author":[{"embeddable":true,"href":"https:\/\/blaskapelle-st-hubertus.de\/index.php?rest_route=\/wp\/v2\/users\/1"}],"replies":[{"embeddable":true,"href":"https:\/\/blaskapelle-st-hubertus.de\/index.php?rest_route=%2Fwp%2Fv2%2Fcomments&post=14"}],"version-history":[{"count":4,"href":"https:\/\/blaskapelle-st-hubertus.de\/index.php?rest_route=\/wp\/v2\/pages\/14\/revisions"}],"predecessor-version":[{"id":57,"href":"https:\/\/blaskapelle-st-hubertus.de\/index.php?rest_route=\/wp\/v2\/pages\/14\/revisions\/57"}],"wp:attachment":[{"href":"https:\/\/blaskapelle-st-hubertus.de\/index.php?rest_route=%2Fwp%2Fv2%2Fmedia&parent=14"}],"curies":[{"name":"wp","href":"https:\/\/api.w.org\/{rel}","templated":true}]}}